{"id":59,"date":"2024-06-30T08:18:33","date_gmt":"2024-06-30T08:18:33","guid":{"rendered":"https:\/\/grupocanarioberez.com\/?page_id=59"},"modified":"2024-11-20T17:21:05","modified_gmt":"2024-11-20T17:21:05","slug":"nosotros","status":"publish","type":"page","link":"https:\/\/grupocanarioberez.com\/en\/nosotros\/","title":{"rendered":"About us"},"content":{"rendered":"<div data-elementor-type=\"wp-page\" data-elementor-id=\"59\" class=\"elementor elementor-59\" data-elementor-post-type=\"page\">\n\t\t\t\t\t\t<section class=\"elementor-section elementor-top-section elementor-element elementor-element-df44e72 elementor-section-boxed elementor-section-height-default elementor-section-height-default\" data-id=\"df44e72\" data-element_type=\"section\" data-settings=\"{&quot;background_background&quot;:&quot;classic&quot;}\">\n\t\t\t\t\t\t<div class=\"elementor-container elementor-column-gap-no\">\n\t\t\t\t\t<div class=\"elementor-column elementor-col-50 elementor-top-column elementor-element elementor-element-50a17f7 elementor-invisible\" data-id=\"50a17f7\" data-element_type=\"column\" data-settings=\"{&quot;animation&quot;:&quot;fadeInLeft&quot;}\">\n\t\t\t<div class=\"elementor-widget-wrap elementor-element-populated\">\n\t\t\t\t\t\t<div class=\"elementor-element elementor-element-6e7a75c elementor-widget elementor-widget-image\" data-id=\"6e7a75c\" data-element_type=\"widget\" data-widget_type=\"image.default\">\n\t\t\t\t<div class=\"elementor-widget-container\">\n\t\t\t\t\t\t\t\t\t\t\t\t\t\t\t<img decoding=\"async\" width=\"158\" height=\"203\" src=\"https:\/\/grupocanarioberez.com\/wp-content\/uploads\/2024\/06\/yellow-border.png\" class=\"attachment-large size-large wp-image-24\" alt=\"\" \/>\t\t\t\t\t\t\t\t\t\t\t\t\t\t\t<\/div>\n\t\t\t\t<\/div>\n\t\t\t\t<div class=\"elementor-element elementor-element-ba37bd0 elementor-widget elementor-widget-image\" data-id=\"ba37bd0\" data-element_type=\"widget\" data-settings=\"{&quot;motion_fx_motion_fx_mouse&quot;:&quot;yes&quot;,&quot;motion_fx_tilt_effect&quot;:&quot;yes&quot;,&quot;motion_fx_tilt_speed&quot;:{&quot;unit&quot;:&quot;px&quot;,&quot;size&quot;:1,&quot;sizes&quot;:[]}}\" data-widget_type=\"image.default\">\n\t\t\t\t<div class=\"elementor-widget-container\">\n\t\t\t\t\t\t\t\t\t\t\t\t\t\t\t<img fetchpriority=\"high\" decoding=\"async\" width=\"800\" height=\"533\" src=\"https:\/\/grupocanarioberez.com\/wp-content\/uploads\/2024\/07\/a-construction-engineer-and-designer-in-a-yellow-hardhat-studies-a-drawing-of-a-building-1024x682.jpg\" class=\"attachment-large size-large wp-image-176\" alt=\"Construccion SEO Reforma SEO\" srcset=\"https:\/\/grupocanarioberez.com\/wp-content\/uploads\/2024\/07\/a-construction-engineer-and-designer-in-a-yellow-hardhat-studies-a-drawing-of-a-building-1024x682.jpg 1024w, https:\/\/grupocanarioberez.com\/wp-content\/uploads\/2024\/07\/a-construction-engineer-and-designer-in-a-yellow-hardhat-studies-a-drawing-of-a-building-300x200.jpg 300w, https:\/\/grupocanarioberez.com\/wp-content\/uploads\/2024\/07\/a-construction-engineer-and-designer-in-a-yellow-hardhat-studies-a-drawing-of-a-building-768x512.jpg 768w, https:\/\/grupocanarioberez.com\/wp-content\/uploads\/2024\/07\/a-construction-engineer-and-designer-in-a-yellow-hardhat-studies-a-drawing-of-a-building-1536x1024.jpg 1536w, https:\/\/grupocanarioberez.com\/wp-content\/uploads\/2024\/07\/a-construction-engineer-and-designer-in-a-yellow-hardhat-studies-a-drawing-of-a-building.jpg 2000w\" sizes=\"(max-width: 800px) 100vw, 800px\" \/>\t\t\t\t\t\t\t\t\t\t\t\t\t\t\t<\/div>\n\t\t\t\t<\/div>\n\t\t\t\t<div class=\"elementor-element elementor-element-6991677 elementor-widget elementor-widget-image\" data-id=\"6991677\" data-element_type=\"widget\" data-widget_type=\"image.default\">\n\t\t\t\t<div class=\"elementor-widget-container\">\n\t\t\t\t\t\t\t\t\t\t\t\t\t\t\t<img decoding=\"async\" width=\"178\" height=\"234\" src=\"https:\/\/grupocanarioberez.com\/wp-content\/uploads\/2024\/06\/dot-pattern.png\" class=\"attachment-large size-large wp-image-26\" alt=\"\" \/>\t\t\t\t\t\t\t\t\t\t\t\t\t\t\t<\/div>\n\t\t\t\t<\/div>\n\t\t\t\t\t<\/div>\n\t\t<\/div>\n\t\t\t\t<div class=\"elementor-column elementor-col-50 elementor-top-column elementor-element elementor-element-aece5cf animated-slow elementor-invisible\" data-id=\"aece5cf\" data-element_type=\"column\" data-settings=\"{&quot;animation&quot;:&quot;fadeInRight&quot;}\">\n\t\t\t<div class=\"elementor-widget-wrap elementor-element-populated\">\n\t\t\t\t\t\t<div class=\"elementor-element elementor-element-d8f6783 elementor-widget elementor-widget-heading\" data-id=\"d8f6783\" data-element_type=\"widget\" data-widget_type=\"heading.default\">\n\t\t\t\t<div class=\"elementor-widget-container\">\n\t\t\t\t\t<h3 class=\"elementor-heading-title elementor-size-default\">Nosotros - DESDE 2015<\/h3>\t\t\t\t<\/div>\n\t\t\t\t<\/div>\n\t\t\t\t<div class=\"elementor-element elementor-element-a3a7e1c elementor-widget elementor-widget-heading\" data-id=\"a3a7e1c\" data-element_type=\"widget\" data-widget_type=\"heading.default\">\n\t\t\t\t<div class=\"elementor-widget-container\">\n\t\t\t\t\t<h2 class=\"elementor-heading-title elementor-size-default\">Grupo Canario Berez SL<\/h2>\t\t\t\t<\/div>\n\t\t\t\t<\/div>\n\t\t\t\t<div class=\"elementor-element elementor-element-a665221 elementor-widget-divider--view-line elementor-invisible elementor-widget elementor-widget-divider\" data-id=\"a665221\" data-element_type=\"widget\" data-settings=\"{&quot;_animation&quot;:&quot;fadeInUp&quot;}\" data-widget_type=\"divider.default\">\n\t\t\t\t<div class=\"elementor-widget-container\">\n\t\t\t\t\t\t\t<div class=\"elementor-divider\">\n\t\t\t<span class=\"elementor-divider-separator\">\n\t\t\t\t\t\t<\/span>\n\t\t<\/div>\n\t\t\t\t\t\t<\/div>\n\t\t\t\t<\/div>\n\t\t\t\t<div class=\"elementor-element elementor-element-6db3bad elementor-widget elementor-widget-text-editor\" data-id=\"6db3bad\" data-element_type=\"widget\" data-widget_type=\"text-editor.default\">\n\t\t\t\t<div class=\"elementor-widget-container\">\n\t\t\t\t\t\t\t\t\t<p>En Grupo Canario Berez, somos un equipo comprometido con transformar espacios en lugares \u00fanicos y funcionales. Con a\u00f1os de experiencia en el sector, nos especializamos en <strong>reformas<\/strong> y <strong>construcci\u00f3n<\/strong>, ofreciendo servicios integrales adaptados a las necesidades de cada cliente.<\/p><p>Nuestra misi\u00f3n es combinar innovaci\u00f3n, calidad y atenci\u00f3n al detalle para crear soluciones que superen las expectativas. Ya sea renovar un hogar, modernizar una oficina o emprender un proyecto desde cero, trabajamos contigo para hacer realidad tus ideas, asegurando un resultado que refleje tu estilo y personalidad.<\/p><p class=\"translation-block\"><strong>We have more than 9 years of experience in the sector<\/strong>, which has allowed us to consolidate ourselves as a reference company on the island. We have a highly qualified and experienced team of professionals, as well as the most advanced technical means, to guarantee our clients a service of the highest quality.<\/p><p>Conf\u00eda en Grupo Canario Berez para llevar a cabo proyectos con profesionalismo, dedicaci\u00f3n y pasi\u00f3n. \u00a1Tu espacio, nuestra inspiraci\u00f3n!<\/p>\t\t\t\t\t\t\t\t<\/div>\n\t\t\t\t<\/div>\n\t\t\t\t\t<\/div>\n\t\t<\/div>\n\t\t\t\t\t<\/div>\n\t\t<\/section>\n\t\t<div class=\"elementor-element elementor-element-2a9ced4 e-flex e-con-boxed e-con e-parent\" data-id=\"2a9ced4\" data-element_type=\"container\">\n\t\t\t\t\t<div class=\"e-con-inner\">\n\t\t\t\t<div class=\"elementor-element elementor-element-b099c20 elementor-widget elementor-widget-heading\" data-id=\"b099c20\" data-element_type=\"widget\" data-widget_type=\"heading.default\">\n\t\t\t\t<div class=\"elementor-widget-container\">\n\t\t\t\t\t<h2 class=\"elementor-heading-title elementor-size-default\">\u00bfPor qu\u00e9 elegirnos?<\/h2>\t\t\t\t<\/div>\n\t\t\t\t<\/div>\n\t\t\t\t<div class=\"elementor-element elementor-element-f079024 elementor-widget elementor-widget-text-editor\" data-id=\"f079024\" data-element_type=\"widget\" data-widget_type=\"text-editor.default\">\n\t\t\t\t<div class=\"elementor-widget-container\">\n\t\t\t\t\t\t\t\t\t<p>En Grupo Canario Berez, marcamos la diferencia ofreciendo:<\/p><p>\u2714\ufe0f <strong>Experiencia y profesionalidad<\/strong>: A\u00f1os de trayectoria en reformas y construcciones, con resultados que avalan nuestro trabajo.<br \/>\u2714\ufe0f <strong>Calidad garantizada<\/strong>: Utilizamos materiales de primera y t\u00e9cnicas innovadoras para asegurar acabados duraderos y est\u00e9ticos.<br \/>\u2714\ufe0f <strong>Soluciones personalizadas<\/strong>: Cada proyecto es \u00fanico; nos adaptamos a tus necesidades, presupuesto y estilo.<br \/>\u2714\ufe0f <strong>Compromiso y puntualidad<\/strong>: Cumplimos con los plazos establecidos y garantizamos un servicio eficiente.<br \/>\u2714\ufe0f <strong>Atenci\u00f3n cercana y transparente<\/strong>: Te acompa\u00f1amos en cada etapa del proceso, resolviendo tus dudas y manteni\u00e9ndote informado.<\/p>\t\t\t\t\t\t\t\t<\/div>\n\t\t\t\t<\/div>\n\t\t\t\t\t<\/div>\n\t\t\t\t<\/div>\n\t\t\t\t<section class=\"elementor-section elementor-top-section elementor-element elementor-element-3da6ecc2 elementor-section-boxed elementor-section-height-default elementor-section-height-default\" data-id=\"3da6ecc2\" data-element_type=\"section\" data-settings=\"{&quot;background_background&quot;:&quot;classic&quot;}\">\n\t\t\t\t\t\t<div class=\"elementor-container elementor-column-gap-no\">\n\t\t\t\t\t<div class=\"elementor-column elementor-col-100 elementor-top-column elementor-element elementor-element-602d1bdd\" data-id=\"602d1bdd\" data-element_type=\"column\">\n\t\t\t<div class=\"elementor-widget-wrap elementor-element-populated\">\n\t\t\t\t\t\t<div class=\"elementor-element elementor-element-54b9f0df elementor-invisible elementor-widget elementor-widget-heading\" data-id=\"54b9f0df\" data-element_type=\"widget\" data-settings=\"{&quot;_animation&quot;:&quot;fadeInUp&quot;}\" data-widget_type=\"heading.default\">\n\t\t\t\t<div class=\"elementor-widget-container\">\n\t\t\t\t\t<h2 class=\"elementor-heading-title elementor-size-default\">Nuestros Perfiles Sociales<\/h2>\t\t\t\t<\/div>\n\t\t\t\t<\/div>\n\t\t\t\t<div class=\"elementor-element elementor-element-1de87bf3 elementor-widget-divider--view-line elementor-invisible elementor-widget elementor-widget-divider\" data-id=\"1de87bf3\" data-element_type=\"widget\" data-settings=\"{&quot;_animation&quot;:&quot;fadeInUp&quot;}\" data-widget_type=\"divider.default\">\n\t\t\t\t<div class=\"elementor-widget-container\">\n\t\t\t\t\t\t\t<div class=\"elementor-divider\">\n\t\t\t<span class=\"elementor-divider-separator\">\n\t\t\t\t\t\t<\/span>\n\t\t<\/div>\n\t\t\t\t\t\t<\/div>\n\t\t\t\t<\/div>\n\t\t\t\t<div class=\"elementor-element elementor-element-8664366 elementor-widget elementor-widget-elementskit-social-media\" data-id=\"8664366\" data-element_type=\"widget\" data-widget_type=\"elementskit-social-media.default\">\n\t\t\t\t<div class=\"elementor-widget-container\">\n\t\t\t\t\t<div class=\"ekit-wid-con\" >\t\t\t <ul class=\"ekit_social_media\">\n\t\t\t\t\t\t\t\t\t\t\t\t\t\t<li class=\"elementor-repeater-item-dc81de5\">\n\t\t\t\t\t    <a href=\"https:\/\/www.facebook.com\/berezgrupocanario\/?locale=es_LA\" aria-label=\"Facebook\" class=\"facebook\" target=\"_blank\" rel=\"noopener\">\n\t\t\t\t\t\t\t\n\t\t\t\t\t\t\t<i aria-hidden=\"true\" class=\"icon icon-facebook\"><\/i>\n                                                                                                            <\/a>\n                    <\/li>\n                    \t\t\t\t\t\t\t\t\t\t\t\t\t\t<li class=\"elementor-repeater-item-60dbb07\">\n\t\t\t\t\t    <a href=\"https:\/\/www.instagram.com\/berezgrupocanario\/\" aria-label=\"Twitter\" class=\"instagram\" target=\"_blank\" rel=\"noopener\">\n\t\t\t\t\t\t\t\n\t\t\t\t\t\t\t<svg aria-hidden=\"true\" class=\"e-font-icon-svg e-fab-instagram\" viewbox=\"0 0 448 512\" xmlns=\"http:\/\/www.w3.org\/2000\/svg\"><path d=\"M224.1 141c-63.6 0-114.9 51.3-114.9 114.9s51.3 114.9 114.9 114.9S339 319.5 339 255.9 287.7 141 224.1 141zm0 189.6c-41.1 0-74.7-33.5-74.7-74.7s33.5-74.7 74.7-74.7 74.7 33.5 74.7 74.7-33.6 74.7-74.7 74.7zm146.4-194.3c0 14.9-12 26.8-26.8 26.8-14.9 0-26.8-12-26.8-26.8s12-26.8 26.8-26.8 26.8 12 26.8 26.8zm76.1 27.2c-1.7-35.9-9.9-67.7-36.2-93.9-26.2-26.2-58-34.4-93.9-36.2-37-2.1-147.9-2.1-184.9 0-35.8 1.7-67.6 9.9-93.9 36.1s-34.4 58-36.2 93.9c-2.1 37-2.1 147.9 0 184.9 1.7 35.9 9.9 67.7 36.2 93.9s58 34.4 93.9 36.2c37 2.1 147.9 2.1 184.9 0 35.9-1.7 67.7-9.9 93.9-36.2 26.2-26.2 34.4-58 36.2-93.9 2.1-37 2.1-147.8 0-184.8zM398.8 388c-7.8 19.6-22.9 34.7-42.6 42.6-29.5 11.7-99.5 9-132.1 9s-102.7 2.6-132.1-9c-19.6-7.8-34.7-22.9-42.6-42.6-11.7-29.5-9-99.5-9-132.1s-2.6-102.7 9-132.1c7.8-19.6 22.9-34.7 42.6-42.6 29.5-11.7 99.5-9 132.1-9s102.7-2.6 132.1 9c19.6 7.8 34.7 22.9 42.6 42.6 11.7 29.5 9 99.5 9 132.1s2.7 102.7-9 132.1z\"><\/path><\/svg>\n                                                                                                            <\/a>\n                    <\/li>\n                    \t\t\t\t\t\t\t<\/ul>\n\t\t<\/div>\t\t\t\t<\/div>\n\t\t\t\t<\/div>\n\t\t\t\t\t<\/div>\n\t\t<\/div>\n\t\t\t\t\t<\/div>\n\t\t<\/section>\n\t\t\t\t<section class=\"elementor-section elementor-top-section elementor-element elementor-element-4828d303 elementor-section-boxed elementor-section-height-default elementor-section-height-default\" data-id=\"4828d303\" data-element_type=\"section\">\n\t\t\t\t\t\t<div class=\"elementor-container elementor-column-gap-no\">\n\t\t\t\t\t<div class=\"elementor-column elementor-col-100 elementor-top-column elementor-element elementor-element-fb836c7\" data-id=\"fb836c7\" data-element_type=\"column\">\n\t\t\t<div class=\"elementor-widget-wrap elementor-element-populated\">\n\t\t\t\t\t\t<div class=\"elementor-element elementor-element-2729c19 elementor-invisible elementor-widget elementor-widget-heading\" data-id=\"2729c19\" data-element_type=\"widget\" data-settings=\"{&quot;_animation&quot;:&quot;fadeInUp&quot;}\" data-widget_type=\"heading.default\">\n\t\t\t\t<div class=\"elementor-widget-container\">\n\t\t\t\t\t<h2 class=\"elementor-heading-title elementor-size-default\">\u00bfQu\u00e9 dicen nuestro clientes?<\/h2>\t\t\t\t<\/div>\n\t\t\t\t<\/div>\n\t\t\t\t<div class=\"elementor-element elementor-element-66617fa1 elementor-widget-divider--view-line elementor-invisible elementor-widget elementor-widget-divider\" data-id=\"66617fa1\" data-element_type=\"widget\" data-settings=\"{&quot;_animation&quot;:&quot;fadeInUp&quot;}\" data-widget_type=\"divider.default\">\n\t\t\t\t<div class=\"elementor-widget-container\">\n\t\t\t\t\t\t\t<div class=\"elementor-divider\">\n\t\t\t<span class=\"elementor-divider-separator\">\n\t\t\t\t\t\t<\/span>\n\t\t<\/div>\n\t\t\t\t\t\t<\/div>\n\t\t\t\t<\/div>\n\t\t\t\t<div class=\"elementor-element elementor-element-4252857 elementor-invisible elementor-widget elementor-widget-text-editor\" data-id=\"4252857\" data-element_type=\"widget\" data-settings=\"{&quot;_animation&quot;:&quot;fadeInUp&quot;}\" data-widget_type=\"text-editor.default\">\n\t\t\t\t<div class=\"elementor-widget-container\">\n\t\t\t\t\t\t\t\t\t<p>No te quedes s\u00f3lo con nuestras palabras. Escuche lo que dicen nuestros Clientes.<\/p><p>La satisfacci\u00f3n de nuestros clientes es nuestra mejor carta de presentaci\u00f3n. En Grupo Canario Berez, nos enorgullece recibir comentarios que destacan nuestra profesionalidad, compromiso y atenci\u00f3n al detalle en cada proyecto.<\/p>\t\t\t\t\t\t\t\t<\/div>\n\t\t\t\t<\/div>\n\t\t\t\t<section class=\"elementor-section elementor-inner-section elementor-element elementor-element-2614934d elementor-section-full_width elementor-section-height-default elementor-section-height-default\" data-id=\"2614934d\" data-element_type=\"section\">\n\t\t\t\t\t\t<div class=\"elementor-container elementor-column-gap-no\">\n\t\t\t\t\t<div class=\"elementor-column elementor-col-50 elementor-inner-column elementor-element elementor-element-72d0a0ba\" data-id=\"72d0a0ba\" data-element_type=\"column\">\n\t\t\t<div class=\"elementor-widget-wrap elementor-element-populated\">\n\t\t\t\t\t\t<div class=\"elementor-element elementor-element-538ca7e4 elementor-testimonial--skin-default elementor-testimonial--layout-image_inline elementor-testimonial--align-center elementor-arrows-yes elementor-invisible elementor-widget elementor-widget-testimonial-carousel\" data-id=\"538ca7e4\" data-element_type=\"widget\" data-settings=\"{&quot;_animation&quot;:&quot;fadeInLeft&quot;,&quot;show_arrows&quot;:&quot;yes&quot;,&quot;speed&quot;:500,&quot;autoplay&quot;:&quot;yes&quot;,&quot;autoplay_speed&quot;:5000,&quot;loop&quot;:&quot;yes&quot;,&quot;pause_on_hover&quot;:&quot;yes&quot;,&quot;pause_on_interaction&quot;:&quot;yes&quot;,&quot;space_between&quot;:{&quot;unit&quot;:&quot;px&quot;,&quot;size&quot;:10,&quot;sizes&quot;:[]},&quot;space_between_tablet&quot;:{&quot;unit&quot;:&quot;px&quot;,&quot;size&quot;:10,&quot;sizes&quot;:[]},&quot;space_between_mobile&quot;:{&quot;unit&quot;:&quot;px&quot;,&quot;size&quot;:10,&quot;sizes&quot;:[]}}\" data-widget_type=\"testimonial-carousel.default\">\n\t\t\t\t<div class=\"elementor-widget-container\">\n\t\t\t\t\t\t\t<div class=\"elementor-swiper\">\n\t\t\t<div class=\"elementor-main-swiper swiper-container\">\n\t\t\t\t<div class=\"swiper-wrapper\">\n\t\t\t\t\t\t\t\t\t\t\t<div class=\"swiper-slide\">\n\t\t\t\t\t\t\t\t\t<div class=\"elementor-testimonial\">\n\t\t\t\t\t\t\t<div class=\"elementor-testimonial__content\">\n\t\t\t\t\t<div class=\"elementor-testimonial__text\">\n\t\t\t\t\t\tGrupo Canario Berez SL realiz\u00f3 una reforma integral de mi cocina y estoy encantada con el resultado. El equipo fue muy profesional y atento a mis necesidades, y se encargaron de todo, desde el dise\u00f1o hasta la ejecuci\u00f3n final. La cocina es ahora moderna, funcional y muy bonita. \u00a1Recomiendo encarecidamente Grupo Canario Berez SL a cualquiera que est\u00e9 buscando una empresa de reformas de confianza.\t\t\t\t\t\t\t\t\t\t<\/div>\n\t\t\t\t\t\t\t\t\t<\/div>\n\t\t\t\t\t\t<div class=\"elementor-testimonial__footer\">\n\t\t\t\t\t\t\t\t\t<div class=\"elementor-testimonial__image\">\n\t\t\t\t\t\t<img decoding=\"async\" src=\"https:\/\/grupocanarioberez.com\/wp-content\/uploads\/2024\/06\/ava2.png\" alt=\"Patrick Johanson\">\n\t\t\t\t\t\t\t\t\t\t\t<\/div>\n\t\t\t\t\t\t\t\t<cite class=\"elementor-testimonial__cite\"><span class=\"elementor-testimonial__name\">Patrick Johanson<\/span><span class=\"elementor-testimonial__title\">Customer<\/span><\/cite>\t\t\t<\/div>\n\t\t<\/div>\n\t\t\t\t\t\t\t\t<\/div>\n\t\t\t\t\t\t\t\t\t\t\t<div class=\"swiper-slide\">\n\t\t\t\t\t\t\t\t\t<div class=\"elementor-testimonial\">\n\t\t\t\t\t\t\t<div class=\"elementor-testimonial__content\">\n\t\t\t\t\t<div class=\"elementor-testimonial__text\">\n\t\t\t\t\t\t\"He built my house two years ago and I am very satisfied with his work. The house is of high quality and has been built with the best materials. The team at Grupo Canario Berez SL was very professional and was always willing to help me with any questions or problem you had. I highly recommend Grupo Canario B\u00e9rez SL to anyone looking for a trustworthy construction company.\"\t\t\t\t\t<\/div>\n\t\t\t\t\t\t\t\t\t<\/div>\n\t\t\t\t\t\t<div class=\"elementor-testimonial__footer\">\n\t\t\t\t\t\t\t\t\t<div class=\"elementor-testimonial__image\">\n\t\t\t\t\t\t<img decoding=\"async\" src=\"https:\/\/grupocanarioberez.com\/wp-content\/uploads\/2024\/06\/ava1.png\" alt=\"Amanda Jane\">\n\t\t\t\t\t\t\t\t\t\t\t<\/div>\n\t\t\t\t\t\t\t\t<cite class=\"elementor-testimonial__cite\"><span class=\"elementor-testimonial__name\">Amanda Jane<\/span><span class=\"elementor-testimonial__title\">Customer<\/span><\/cite>\t\t\t<\/div>\n\t\t<\/div>\n\t\t\t\t\t\t\t\t<\/div>\n\t\t\t\t\t\t\t\t\t<\/div>\n\t\t\t\t\t\t\t\t\t\t\t\t\t\t\t\t\t\t\t\t<div class=\"elementor-swiper-button elementor-swiper-button-prev\" role=\"button\" tabindex=\"0\">\n\t\t\t\t\t\t\t<svg aria-hidden=\"true\" class=\"e-font-icon-svg e-eicon-chevron-left\" viewbox=\"0 0 1000 1000\" xmlns=\"http:\/\/www.w3.org\/2000\/svg\"><path d=\"M646 125C629 125 613 133 604 142L308 442C296 454 292 471 292 487 292 504 296 521 308 533L604 854C617 867 629 875 646 875 663 875 679 871 692 858 704 846 713 829 713 812 713 796 708 779 692 767L438 487 692 225C700 217 708 204 708 187 708 171 704 154 692 142 675 129 663 125 646 125Z\"><\/path><\/svg>\t\t\t\t\t\t\t<span class=\"elementor-screen-only\">Previous<\/span>\n\t\t\t\t\t\t<\/div>\n\t\t\t\t\t\t<div class=\"elementor-swiper-button elementor-swiper-button-next\" role=\"button\" tabindex=\"0\">\n\t\t\t\t\t\t\t<svg aria-hidden=\"true\" class=\"e-font-icon-svg e-eicon-chevron-right\" viewbox=\"0 0 1000 1000\" xmlns=\"http:\/\/www.w3.org\/2000\/svg\"><path d=\"M696 533C708 521 713 504 713 487 713 471 708 454 696 446L400 146C388 133 375 125 354 125 338 125 325 129 313 142 300 154 292 171 292 187 292 204 296 221 308 233L563 492 304 771C292 783 288 800 288 817 288 833 296 850 308 863 321 871 338 875 354 875 371 875 388 867 400 854L696 533Z\"><\/path><\/svg>\t\t\t\t\t\t\t<span class=\"elementor-screen-only\">Next<\/span>\n\t\t\t\t\t\t<\/div>\n\t\t\t\t\t\t\t\t\t\t\t\t<\/div>\n\t\t<\/div>\n\t\t\t\t\t\t<\/div>\n\t\t\t\t<\/div>\n\t\t\t\t\t<\/div>\n\t\t<\/div>\n\t\t\t\t<div class=\"elementor-column elementor-col-50 elementor-inner-column elementor-element elementor-element-3eb6ace9\" data-id=\"3eb6ace9\" data-element_type=\"column\">\n\t\t\t<div class=\"elementor-widget-wrap elementor-element-populated\">\n\t\t\t\t\t\t<div class=\"elementor-element elementor-element-38262af9 gallery-spacing-custom elementor-invisible elementor-widget elementor-widget-image-gallery\" data-id=\"38262af9\" data-element_type=\"widget\" data-settings=\"{&quot;_animation&quot;:&quot;fadeInRight&quot;}\" data-widget_type=\"image-gallery.default\">\n\t\t\t\t<div class=\"elementor-widget-container\">\n\t\t\t\t\t\t\t<div class=\"elementor-image-gallery\">\n\t\t\t<div id='gallery-1' class='gallery galleryid-59 gallery-columns-3 gallery-size-full'><figure class='gallery-item'>\n\t\t\t<div class='gallery-icon landscape'>\n\t\t\t\t<a data-elementor-open-lightbox=\"yes\" data-elementor-lightbox-slideshow=\"38262af9\" data-elementor-lightbox-title=\"partner-10.png\" data-e-action-hash=\"#elementor-action%3Aaction%3Dlightbox%26settings%3DeyJpZCI6ODcsInVybCI6Imh0dHBzOlwvXC9ncnVwb2NhbmFyaW9iZXJlei5jb21cL3dwLWNvbnRlbnRcL3VwbG9hZHNcLzIwMjRcLzA2XC9wYXJ0bmVyLTEwLnBuZyIsInNsaWRlc2hvdyI6IjM4MjYyYWY5In0%3D\" href=\"https:\/\/grupocanarioberez.com\/wp-content\/uploads\/2024\/06\/partner-10.png\"><img loading=\"lazy\" decoding=\"async\" width=\"163\" height=\"45\" src=\"https:\/\/grupocanarioberez.com\/wp-content\/uploads\/2024\/06\/partner-10.png\" class=\"attachment-full size-full\" alt=\"\" \/><\/a>\n\t\t\t<\/div><\/figure><figure class='gallery-item'>\n\t\t\t<div class='gallery-icon landscape'>\n\t\t\t\t<a data-elementor-open-lightbox=\"yes\" data-elementor-lightbox-slideshow=\"38262af9\" data-elementor-lightbox-title=\"partner-07.png\" data-e-action-hash=\"#elementor-action%3Aaction%3Dlightbox%26settings%3DeyJpZCI6ODgsInVybCI6Imh0dHBzOlwvXC9ncnVwb2NhbmFyaW9iZXJlei5jb21cL3dwLWNvbnRlbnRcL3VwbG9hZHNcLzIwMjRcLzA2XC9wYXJ0bmVyLTA3LnBuZyIsInNsaWRlc2hvdyI6IjM4MjYyYWY5In0%3D\" href=\"https:\/\/grupocanarioberez.com\/wp-content\/uploads\/2024\/06\/partner-07.png\"><img loading=\"lazy\" decoding=\"async\" width=\"167\" height=\"50\" src=\"https:\/\/grupocanarioberez.com\/wp-content\/uploads\/2024\/06\/partner-07.png\" class=\"attachment-full size-full\" alt=\"\" \/><\/a>\n\t\t\t<\/div><\/figure><figure class='gallery-item'>\n\t\t\t<div class='gallery-icon landscape'>\n\t\t\t\t<a data-elementor-open-lightbox=\"yes\" data-elementor-lightbox-slideshow=\"38262af9\" data-elementor-lightbox-title=\"partner-05.png\" data-e-action-hash=\"#elementor-action%3Aaction%3Dlightbox%26settings%3DeyJpZCI6ODksInVybCI6Imh0dHBzOlwvXC9ncnVwb2NhbmFyaW9iZXJlei5jb21cL3dwLWNvbnRlbnRcL3VwbG9hZHNcLzIwMjRcLzA2XC9wYXJ0bmVyLTA1LnBuZyIsInNsaWRlc2hvdyI6IjM4MjYyYWY5In0%3D\" href=\"https:\/\/grupocanarioberez.com\/wp-content\/uploads\/2024\/06\/partner-05.png\"><img loading=\"lazy\" decoding=\"async\" width=\"150\" height=\"36\" src=\"https:\/\/grupocanarioberez.com\/wp-content\/uploads\/2024\/06\/partner-05.png\" class=\"attachment-full size-full\" alt=\"\" \/><\/a>\n\t\t\t<\/div><\/figure><figure class='gallery-item'>\n\t\t\t<div class='gallery-icon landscape'>\n\t\t\t\t<a data-elementor-open-lightbox=\"yes\" data-elementor-lightbox-slideshow=\"38262af9\" data-elementor-lightbox-title=\"partner-03.png\" data-e-action-hash=\"#elementor-action%3Aaction%3Dlightbox%26settings%3DeyJpZCI6OTAsInVybCI6Imh0dHBzOlwvXC9ncnVwb2NhbmFyaW9iZXJlei5jb21cL3dwLWNvbnRlbnRcL3VwbG9hZHNcLzIwMjRcLzA2XC9wYXJ0bmVyLTAzLnBuZyIsInNsaWRlc2hvdyI6IjM4MjYyYWY5In0%3D\" href=\"https:\/\/grupocanarioberez.com\/wp-content\/uploads\/2024\/06\/partner-03.png\"><img loading=\"lazy\" decoding=\"async\" width=\"167\" height=\"39\" src=\"https:\/\/grupocanarioberez.com\/wp-content\/uploads\/2024\/06\/partner-03.png\" class=\"attachment-full size-full\" alt=\"\" \/><\/a>\n\t\t\t<\/div><\/figure>\n\t\t<\/div>\n\t\t<\/div>\n\t\t\t\t\t\t<\/div>\n\t\t\t\t<\/div>\n\t\t\t\t\t<\/div>\n\t\t<\/div>\n\t\t\t\t\t<\/div>\n\t\t<\/section>\n\t\t\t\t\t<\/div>\n\t\t<\/div>\n\t\t\t\t\t<\/div>\n\t\t<\/section>\n\t\t\t\t<\/div>","protected":false},"excerpt":{"rendered":"<p>Nosotros &#8211; DESDE 2015 Grupo Canario Berez SL En Grupo Canario Berez, somos un equipo comprometido con transformar espacios en lugares \u00fanicos y funcionales. Con a\u00f1os de experiencia en el sector, nos especializamos en reformas y construcci\u00f3n, ofreciendo servicios integrales adaptados a las necesidades de cada cliente. Nuestra misi\u00f3n es combinar innovaci\u00f3n, calidad y atenci\u00f3n [&hellip;]<\/p>","protected":false},"author":1,"featured_media":0,"parent":0,"menu_order":0,"comment_status":"closed","ping_status":"closed","template":"","meta":{"footnotes":""},"class_list":["post-59","page","type-page","status-publish","hentry"],"_links":{"self":[{"href":"https:\/\/grupocanarioberez.com\/en\/wp-json\/wp\/v2\/pages\/59","targetHints":{"allow":["GET"]}}],"collection":[{"href":"https:\/\/grupocanarioberez.com\/en\/wp-json\/wp\/v2\/pages"}],"about":[{"href":"https:\/\/grupocanarioberez.com\/en\/wp-json\/wp\/v2\/types\/page"}],"author":[{"embeddable":true,"href":"https:\/\/grupocanarioberez.com\/en\/wp-json\/wp\/v2\/users\/1"}],"replies":[{"embeddable":true,"href":"https:\/\/grupocanarioberez.com\/en\/wp-json\/wp\/v2\/comments?post=59"}],"version-history":[{"count":58,"href":"https:\/\/grupocanarioberez.com\/en\/wp-json\/wp\/v2\/pages\/59\/revisions"}],"predecessor-version":[{"id":368,"href":"https:\/\/grupocanarioberez.com\/en\/wp-json\/wp\/v2\/pages\/59\/revisions\/368"}],"wp:attachment":[{"href":"https:\/\/grupocanarioberez.com\/en\/wp-json\/wp\/v2\/media?parent=59"}],"curies":[{"name":"wp","href":"https:\/\/api.w.org\/{rel}","templated":true}]}}